{"id":16,"date":"2021-05-07T16:07:30","date_gmt":"2021-05-07T14:07:30","guid":{"rendered":"http:\/\/festival-emouvantes.fr\/?page_id=16"},"modified":"2026-04-22T11:26:38","modified_gmt":"2026-04-22T09:26:38","slug":"jeudi-11-sep-festival-les-emouvantes","status":"publish","type":"page","link":"https:\/\/festival-emouvantes.fr\/index.php\/jeudi-11-sep-festival-les-emouvantes\/","title":{"rendered":"jeu. 10"},"content":{"rendered":"\t\t<div data-elementor-type=\"wp-page\" data-elementor-id=\"16\" class=\"elementor elementor-16\" data-elementor-post-type=\"page\">\n\t\t\t\t\t\t<section class=\"elementor-section elementor-top-section elementor-element elementor-element-30855eb elementor-section-boxed elementor-section-height-default elementor-section-height-default wpr-particle-no wpr-jarallax-no wpr-parallax-no wpr-sticky-section-no wpr-equal-height-no\" data-id=\"30855eb\" data-element_type=\"section\" data-e-type=\"section\">\n\t\t\t\t\t\t<div class=\"elementor-container elementor-column-gap-default\">\n\t\t\t\t\t<div class=\"elementor-column elementor-col-100 elementor-top-column elementor-element elementor-element-38e71c1\" data-id=\"38e71c1\" data-element_type=\"column\" data-e-type=\"column\">\n\t\t\t<div class=\"elementor-widget-wrap elementor-element-populated\">\n\t\t\t\t\t\t<div class=\"elementor-element elementor-element-38f9589 elementor-widget elementor-widget-heading\" data-id=\"38f9589\" data-element_type=\"widget\" data-e-type=\"widget\" data-widget_type=\"heading.default\">\n\t\t\t\t<div class=\"elementor-widget-container\">\n\t\t\t\t\t<h2 class=\"elementor-heading-title elementor-size-default\">Jeu. 10 septembre<\/h2>\t\t\t\t<\/div>\n\t\t\t\t<\/div>\n\t\t\t\t<div class=\"elementor-element elementor-element-119b1cd elementor-widget elementor-widget-text-editor\" data-id=\"119b1cd\" data-element_type=\"widget\" data-e-type=\"widget\" data-widget_type=\"text-editor.default\">\n\t\t\t\t<div class=\"elementor-widget-container\">\n\t\t\t\t\t\t\t\t\t<p>conservatoire Pierre Barbizet<br \/>15\u20ac &gt; tarif plein<br \/>12\u20ac &gt; tarif r\u00e9duit<\/p>\t\t\t\t\t\t\t\t<\/div>\n\t\t\t\t<\/div>\n\t\t\t\t<div class=\"elementor-element elementor-element-a913d2d elementor-widget elementor-widget-button\" data-id=\"a913d2d\" data-element_type=\"widget\" data-e-type=\"widget\" data-widget_type=\"button.default\">\n\t\t\t\t<div class=\"elementor-widget-container\">\n\t\t\t\t\t\t\t\t\t<div class=\"elementor-button-wrapper\">\n\t\t\t\t\t<a class=\"elementor-button elementor-button-link elementor-size-sm\" href=\"https:\/\/www.billetweb.fr\/pro\/emouvante2025\" target=\"_blank\" rel=\"noopener\">\n\t\t\t\t\t\t<span class=\"elementor-button-content-wrapper\">\n\t\t\t\t\t\t\t\t\t<span class=\"elementor-button-text\">BILLETTERIE<\/span>\n\t\t\t\t\t<\/span>\n\t\t\t\t\t<\/a>\n\t\t\t\t<\/div>\n\t\t\t\t\t\t\t\t<\/div>\n\t\t\t\t<\/div>\n\t\t\t\t\t<\/div>\n\t\t<\/div>\n\t\t\t\t\t<\/div>\n\t\t<\/section>\n\t\t\t\t<section class=\"elementor-section elementor-top-section elementor-element elementor-element-dc7f1ee elementor-section-boxed elementor-section-height-default elementor-section-height-default wpr-particle-no wpr-jarallax-no wpr-parallax-no wpr-sticky-section-no wpr-equal-height-no\" data-id=\"dc7f1ee\" data-element_type=\"section\" data-e-type=\"section\">\n\t\t\t\t\t\t<div class=\"elementor-container elementor-column-gap-default\">\n\t\t\t\t\t<div class=\"elementor-column elementor-col-100 elementor-top-column elementor-element elementor-element-bb87178\" data-id=\"bb87178\" data-element_type=\"column\" data-e-type=\"column\">\n\t\t\t<div class=\"elementor-widget-wrap elementor-element-populated\">\n\t\t\t\t\t\t<div class=\"elementor-element elementor-element-af2df98 elementor-widget-divider--view-line elementor-widget elementor-widget-divider\" data-id=\"af2df98\" data-element_type=\"widget\" data-e-type=\"widget\" data-widget_type=\"divider.default\">\n\t\t\t\t<div class=\"elementor-widget-container\">\n\t\t\t\t\t\t\t<div class=\"elementor-divider\">\n\t\t\t<span class=\"elementor-divider-separator\">\n\t\t\t\t\t\t<\/span>\n\t\t<\/div>\n\t\t\t\t\t\t<\/div>\n\t\t\t\t<\/div>\n\t\t\t\t<div class=\"elementor-element elementor-element-087bbb7 elementor-widget elementor-widget-text-editor\" data-id=\"087bbb7\" data-element_type=\"widget\" data-e-type=\"widget\" data-widget_type=\"text-editor.default\">\n\t\t\t\t<div class=\"elementor-widget-container\">\n\t\t\t\t\t\t\t\t\t<p>19h<br \/>Abysskiss <br \/>Maussion &amp; Tereygeol 4tet<\/p>\t\t\t\t\t\t\t\t<\/div>\n\t\t\t\t<\/div>\n\t\t\t\t<section class=\"elementor-section elementor-inner-section elementor-element elementor-element-1441f2e elementor-section-boxed elementor-section-height-default elementor-section-height-default wpr-particle-no wpr-jarallax-no wpr-parallax-no wpr-sticky-section-no wpr-equal-height-no\" data-id=\"1441f2e\" data-element_type=\"section\" data-e-type=\"section\">\n\t\t\t\t\t\t<div class=\"elementor-container elementor-column-gap-default\">\n\t\t\t\t\t<div class=\"elementor-column elementor-col-50 elementor-inner-column elementor-element elementor-element-6e34bad\" data-id=\"6e34bad\" data-element_type=\"column\" data-e-type=\"column\">\n\t\t\t<div class=\"elementor-widget-wrap elementor-element-populated\">\n\t\t\t\t\t\t<div class=\"elementor-element elementor-element-a6d9568 elementor-widget elementor-widget-text-editor\" data-id=\"a6d9568\" data-element_type=\"widget\" data-e-type=\"widget\" data-widget_type=\"text-editor.default\">\n\t\t\t\t<div class=\"elementor-widget-container\">\n\t\t\t\t\t\t\t\t\t<p>Abysskiss creuse inlassablement \u00e0 la recherche de sources enfouies et de chants int\u00e9rieurs inou\u00efs, tel un arch\u00e9ologue futuriste sondant les strates m\u00e9morielles d\u2019une civilisation disparue. \u00c0 la crois\u00e9e de la chanson amphibie, de la musique de chambre contemporaine et de l\u2019improvisation, v\u00e9ritable centre de gravit\u00e9, cet orchestre de poche se distingue par une instrumentation singuli\u00e8re et un rapport tr\u00e8s charnel au son.<\/p><p>Imagin\u00e9 par Pierre Tereygeol et Camille Maussion, le projet d\u00e9ploie un r\u00e9pertoire centr\u00e9 sur la voix, envisag\u00e9e comme mati\u00e8re vivante, souffle, bruissement et r\u00e9cit. Entre eau et ciel, Abysskiss trace des cartographies sonores mouvantes, fa\u00e7onne des paysages fragiles o\u00f9 se r\u00e9pondent constellations, architectures flottantes et mirages acoustiques.<\/p><p>Entre souplesse des lignes et \u00e9lans baroques, cette musique convoque danses telluriques, dialogues a\u00e9riens et miroitements stellaires. L\u2019oreille se colle au coquillage, \u00e9coute le chant du large, cherche caps et rivages : le son devient horizon, jusqu\u2019\u00e0 l\u2019aube du songe.<\/p>\t\t\t\t\t\t\t\t<\/div>\n\t\t\t\t<\/div>\n\t\t\t\t\t<\/div>\n\t\t<\/div>\n\t\t\t\t<div class=\"elementor-column elementor-col-50 elementor-inner-column elementor-element elementor-element-4cef8a8\" data-id=\"4cef8a8\" data-element_type=\"column\" data-e-type=\"column\">\n\t\t\t<div class=\"elementor-widget-wrap elementor-element-populated\">\n\t\t\t\t\t\t<div class=\"elementor-element elementor-element-c1c3fa0 elementor-widget elementor-widget-text-editor\" data-id=\"c1c3fa0\" data-element_type=\"widget\" data-e-type=\"widget\" data-widget_type=\"text-editor.default\">\n\t\t\t\t<div class=\"elementor-widget-container\">\n\t\t\t\t\t\t\t\t\t<p><strong>Camille Maussion<\/strong> saxophones, compositons <strong>Pierre Tereygeol<\/strong> guitare baryton, voix, compositions <strong>Victor Auffray<\/strong> euphonium, flugabone, voix <strong>Illya Amar<\/strong> vibraphone<\/p>\t\t\t\t\t\t\t\t<\/div>\n\t\t\t\t<\/div>\n\t\t\t\t<div class=\"elementor-element elementor-element-b38f4c7 elementor-widget elementor-widget-video\" data-id=\"b38f4c7\" data-element_type=\"widget\" data-e-type=\"widget\" data-settings=\"{&quot;youtube_url&quot;:&quot;https:\\\/\\\/www.youtube.com\\\/watch?v=p-dynwuhAsE&amp;pp=ygUjQWJ5c3NraXNzIE1hdXNzaW9uICYgVGVyZXlnZW9sIDR0ZXQ%3D&quot;,&quot;video_type&quot;:&quot;youtube&quot;,&quot;controls&quot;:&quot;yes&quot;}\" data-widget_type=\"video.default\">\n\t\t\t\t<div class=\"elementor-widget-container\">\n\t\t\t\t\t\t\t<div class=\"elementor-wrapper elementor-open-inline\">\n\t\t\t<div class=\"elementor-video\"><\/div>\t\t<\/div>\n\t\t\t\t\t\t<\/div>\n\t\t\t\t<\/div>\n\t\t\t\t\t<\/div>\n\t\t<\/div>\n\t\t\t\t\t<\/div>\n\t\t<\/section>\n\t\t\t\t\t<\/div>\n\t\t<\/div>\n\t\t\t\t\t<\/div>\n\t\t<\/section>\n\t\t\t\t<section class=\"elementor-section elementor-top-section elementor-element elementor-element-e34771e elementor-section-boxed elementor-section-height-default elementor-section-height-default wpr-particle-no wpr-jarallax-no wpr-parallax-no wpr-sticky-section-no wpr-equal-height-no\" data-id=\"e34771e\" data-element_type=\"section\" data-e-type=\"section\">\n\t\t\t\t\t\t<div class=\"elementor-container elementor-column-gap-default\">\n\t\t\t\t\t<div class=\"elementor-column elementor-col-100 elementor-top-column elementor-element elementor-element-c121b35\" data-id=\"c121b35\" data-element_type=\"column\" data-e-type=\"column\">\n\t\t\t<div class=\"elementor-widget-wrap elementor-element-populated\">\n\t\t\t\t\t\t<div class=\"elementor-element elementor-element-36f966c elementor-widget-divider--view-line elementor-widget elementor-widget-divider\" data-id=\"36f966c\" data-element_type=\"widget\" data-e-type=\"widget\" data-widget_type=\"divider.default\">\n\t\t\t\t<div class=\"elementor-widget-container\">\n\t\t\t\t\t\t\t<div class=\"elementor-divider\">\n\t\t\t<span class=\"elementor-divider-separator\">\n\t\t\t\t\t\t<\/span>\n\t\t<\/div>\n\t\t\t\t\t\t<\/div>\n\t\t\t\t<\/div>\n\t\t\t\t<div class=\"elementor-element elementor-element-e71bcd8 elementor-widget elementor-widget-text-editor\" data-id=\"e71bcd8\" data-element_type=\"widget\" data-e-type=\"widget\" data-widget_type=\"text-editor.default\">\n\t\t\t\t<div class=\"elementor-widget-container\">\n\t\t\t\t\t\t\t\t\t<p>21h<br \/>Franges<br \/>L\u00e9a Ciechelski 5tet<\/p>\t\t\t\t\t\t\t\t<\/div>\n\t\t\t\t<\/div>\n\t\t\t\t<section class=\"elementor-section elementor-inner-section elementor-element elementor-element-d4d4b31 elementor-section-boxed elementor-section-height-default elementor-section-height-default wpr-particle-no wpr-jarallax-no wpr-parallax-no wpr-sticky-section-no wpr-equal-height-no\" data-id=\"d4d4b31\" data-element_type=\"section\" data-e-type=\"section\">\n\t\t\t\t\t\t<div class=\"elementor-container elementor-column-gap-default\">\n\t\t\t\t\t<div class=\"elementor-column elementor-col-50 elementor-inner-column elementor-element elementor-element-afdfed6\" data-id=\"afdfed6\" data-element_type=\"column\" data-e-type=\"column\">\n\t\t\t<div class=\"elementor-widget-wrap elementor-element-populated\">\n\t\t\t\t\t\t<div class=\"elementor-element elementor-element-52a0528 elementor-widget elementor-widget-text-editor\" data-id=\"52a0528\" data-element_type=\"widget\" data-e-type=\"widget\" data-widget_type=\"text-editor.default\">\n\t\t\t\t<div class=\"elementor-widget-container\">\n\t\t\t\t\t\t\t\t\t<p>Franges est un orchestre o\u00f9 la part onirique du son occupe une place d\u00e9cisive. Le souffle de la fl\u00fbte et du saxophone en est le moteur, faisant na\u00eetre lignes souples, nappes mouvantes et \u00e9clats soudains. B\u00e2ti sur une architecture inspir\u00e9e des musiques r\u00e9p\u00e9titives, le quintet n\u2019a pourtant rien d\u2019immuable\u202f: il se transforme au fil des id\u00e9es, des textures et des respirations partag\u00e9es.<\/p><p>L\u2019enjeu est de faire bloc dans un paradigme tr\u00e8s orchestral, pleinement vibrant comme un organisme collectif en m\u00e9tamorphose. Franges est un quintet tr\u00e8s color\u00e9, o\u00f9 le timbre bouillant de la trompette ouvre des routes m\u00e9andriques, fend les nappes et \u00e9claire les zones d\u2019ombre. Les pulsations synth\u00e9tiques, furtives mais ancr\u00e9es, creusent des abysses rythmiques o\u00f9 se croisent tensions et rel\u00e2chements.<\/p><p>La musique de Franges se vit comme un voyage immobile\u202f: les yeux ferm\u00e9s, les images d\u00e9filent, intimes et presque cin\u00e9matographiques. L\u2019auditeur y explore ses propres paysages int\u00e9rieurs, port\u00e9 par une mati\u00e8re sonore qui h\u00e9site, s\u2019embrase, puis se d\u00e9ploie en un chant collectif.<\/p>\t\t\t\t\t\t\t\t<\/div>\n\t\t\t\t<\/div>\n\t\t\t\t\t<\/div>\n\t\t<\/div>\n\t\t\t\t<div class=\"elementor-column elementor-col-50 elementor-inner-column elementor-element elementor-element-c81668c\" data-id=\"c81668c\" data-element_type=\"column\" data-e-type=\"column\">\n\t\t\t<div class=\"elementor-widget-wrap elementor-element-populated\">\n\t\t\t\t\t\t<div class=\"elementor-element elementor-element-4232e25 elementor-widget elementor-widget-text-editor\" data-id=\"4232e25\" data-element_type=\"widget\" data-e-type=\"widget\" data-widget_type=\"text-editor.default\">\n\t\t\t\t<div class=\"elementor-widget-container\">\n\t\t\t\t\t\t\t\t\t<p><strong>Ma\u00eflys Maronne<\/strong> moog <strong>Hector Lena-Schroll<\/strong> trompettes <strong>L\u00e9a Ciechelski<\/strong> saxophone, fl\u00fbte, voix <strong>Axel Gaudron<\/strong> batterie, percussions, effets <strong>Vincent Audusseau<\/strong> piano, claviers<\/p>\t\t\t\t\t\t\t\t<\/div>\n\t\t\t\t<\/div>\n\t\t\t\t<div class=\"elementor-element elementor-element-97347cd elementor-widget elementor-widget-video\" data-id=\"97347cd\" data-element_type=\"widget\" data-e-type=\"widget\" data-settings=\"{&quot;youtube_url&quot;:&quot;https:\\\/\\\/www.youtube.com\\\/watch?v=j6iRoSHBHyw&amp;list=RDj6iRoSHBHyw&amp;start_radio=1&amp;pp=ygUcRnJhbmdlcyBMw6lhIENpZWNoZWxza2kgNXRldKAHAQ%3D%3D&quot;,&quot;video_type&quot;:&quot;youtube&quot;,&quot;controls&quot;:&quot;yes&quot;}\" data-widget_type=\"video.default\">\n\t\t\t\t<div class=\"elementor-widget-container\">\n\t\t\t\t\t\t\t<div class=\"elementor-wrapper elementor-open-inline\">\n\t\t\t<div class=\"elementor-video\"><\/div>\t\t<\/div>\n\t\t\t\t\t\t<\/div>\n\t\t\t\t<\/div>\n\t\t\t\t\t<\/div>\n\t\t<\/div>\n\t\t\t\t\t<\/div>\n\t\t<\/section>\n\t\t\t\t\t<\/div>\n\t\t<\/div>\n\t\t\t\t\t<\/div>\n\t\t<\/section>\n\t\t\t\t<section class=\"elementor-section elementor-top-section elementor-element elementor-element-26bfe8f elementor-section-boxed elementor-section-height-default elementor-section-height-default wpr-particle-no wpr-jarallax-no wpr-parallax-no wpr-sticky-section-no wpr-equal-height-no\" data-id=\"26bfe8f\" data-element_type=\"section\" data-e-type=\"section\">\n\t\t\t\t\t\t<div class=\"elementor-container elementor-column-gap-default\">\n\t\t\t\t\t<div class=\"elementor-column elementor-col-100 elementor-top-column elementor-element elementor-element-9943d00\" data-id=\"9943d00\" data-element_type=\"column\" data-e-type=\"column\">\n\t\t\t<div class=\"elementor-widget-wrap elementor-element-populated\">\n\t\t\t\t\t\t<div class=\"elementor-element elementor-element-3aaefac elementor-widget elementor-widget-spacer\" data-id=\"3aaefac\" data-element_type=\"widget\" data-e-type=\"widget\" data-widget_type=\"spacer.default\">\n\t\t\t\t<div class=\"elementor-widget-container\">\n\t\t\t\t\t\t\t<div class=\"elementor-spacer\">\n\t\t\t<div class=\"elementor-spacer-inner\"><\/div>\n\t\t<\/div>\n\t\t\t\t\t\t<\/div>\n\t\t\t\t<\/div>\n\t\t\t\t\t<\/div>\n\t\t<\/div>\n\t\t\t\t\t<\/div>\n\t\t<\/section>\n\t\t\t\t<\/div>\n\t\t","protected":false},"excerpt":{"rendered":"<p>Jeu. 10 septembre conservatoire Pierre Barbizet15\u20ac &gt; tarif plein12\u20ac &gt; tarif r\u00e9duit BILLETTERIE 19hAbysskiss Maussion &amp; Tereygeol 4tet Abysskiss creuse inlassablement \u00e0 la recherche de sources enfouies et de chants int\u00e9rieurs inou\u00efs, tel un arch\u00e9ologue futuriste sondant les strates m\u00e9morielles d\u2019une civilisation disparue. \u00c0 la crois\u00e9e de la chanson amphibie, de la musique de chambre contemporaine et de l\u2019improvisation, v\u00e9ritable centre de gravit\u00e9, cet orchestre de poche se distingue par une instrumentation singuli\u00e8re et un rapport tr\u00e8s charnel au son. Imagin\u00e9 par Pierre Tereygeol et Camille Maussion, le projet d\u00e9ploie un r\u00e9pertoire centr\u00e9 sur la voix, envisag\u00e9e comme mati\u00e8re vivante, souffle, bruissement et r\u00e9cit. Entre eau et ciel, Abysskiss trace des cartographies sonores mouvantes, fa\u00e7onne des paysages fragiles o\u00f9 se r\u00e9pondent constellations, architectures flottantes et mirages acoustiques. Entre souplesse des lignes et \u00e9lans baroques, cette musique convoque danses telluriques, dialogues a\u00e9riens et miroitements stellaires. L\u2019oreille se colle au coquillage, \u00e9coute le chant du large, cherche caps et rivages : le son devient horizon, jusqu\u2019\u00e0 l\u2019aube du songe. Camille Maussion saxophones, compositons Pierre Tereygeol guitare baryton, voix, compositions Victor Auffray euphonium, flugabone, voix Illya Amar vibraphone https:\/\/www.youtube.com\/watch?v=p-dynwuhAsE&#038;pp=ygUjQWJ5c3NraXNzIE1hdXNzaW9uICYgVGVyZXlnZW9sIDR0ZXQ%3D 21hFrangesL\u00e9a Ciechelski 5tet Franges est un orchestre o\u00f9 la part onirique du son occupe une place d\u00e9cisive. Le souffle de la fl\u00fbte et du saxophone en est le moteur, faisant na\u00eetre lignes souples, nappes mouvantes et \u00e9clats soudains. B\u00e2ti sur une architecture inspir\u00e9e des musiques r\u00e9p\u00e9titives, le quintet n\u2019a pourtant rien d\u2019immuable\u202f: il se transforme au fil des id\u00e9es, des textures et des respirations partag\u00e9es. L\u2019enjeu est de faire bloc dans un paradigme tr\u00e8s orchestral, pleinement vibrant comme un organisme collectif en m\u00e9tamorphose. Franges est un quintet tr\u00e8s color\u00e9, o\u00f9 le timbre bouillant de la trompette ouvre des routes m\u00e9andriques, fend les nappes et \u00e9claire les zones d\u2019ombre. Les pulsations synth\u00e9tiques, furtives mais ancr\u00e9es, creusent des abysses rythmiques o\u00f9 se croisent tensions et rel\u00e2chements. La musique de Franges se vit comme un voyage immobile\u202f: les yeux ferm\u00e9s, les images d\u00e9filent, intimes et presque cin\u00e9matographiques. L\u2019auditeur y explore ses propres paysages int\u00e9rieurs, port\u00e9 par une mati\u00e8re sonore qui h\u00e9site, s\u2019embrase, puis se d\u00e9ploie en un chant collectif. Ma\u00eflys Maronne moog Hector Lena-Schroll trompettes L\u00e9a Ciechelski saxophone, fl\u00fbte, voix Axel Gaudron batterie, percussions, effets Vincent Audusseau piano, claviers https:\/\/www.youtube.com\/watch?v=j6iRoSHBHyw&#038;list=RDj6iRoSHBHyw&#038;start_radio=1&#038;pp=ygUcRnJhbmdlcyBMw6lhIENpZWNoZWxza2kgNXRldKAHAQ%3D%3D<\/p>\n","protected":false},"author":1,"featured_media":0,"parent":0,"menu_order":0,"comment_status":"closed","ping_status":"closed","template":"","meta":{"footnotes":""},"class_list":["post-16","page","type-page","status-publish","hentry"],"_links":{"self":[{"href":"https:\/\/festival-emouvantes.fr\/index.php\/wp-json\/wp\/v2\/pages\/16","targetHints":{"allow":["GET"]}}],"collection":[{"href":"https:\/\/festival-emouvantes.fr\/index.php\/wp-json\/wp\/v2\/pages"}],"about":[{"href":"https:\/\/festival-emouvantes.fr\/index.php\/wp-json\/wp\/v2\/types\/page"}],"author":[{"embeddable":true,"href":"https:\/\/festival-emouvantes.fr\/index.php\/wp-json\/wp\/v2\/users\/1"}],"replies":[{"embeddable":true,"href":"https:\/\/festival-emouvantes.fr\/index.php\/wp-json\/wp\/v2\/comments?post=16"}],"version-history":[{"count":143,"href":"https:\/\/festival-emouvantes.fr\/index.php\/wp-json\/wp\/v2\/pages\/16\/revisions"}],"predecessor-version":[{"id":1980,"href":"https:\/\/festival-emouvantes.fr\/index.php\/wp-json\/wp\/v2\/pages\/16\/revisions\/1980"}],"wp:attachment":[{"href":"https:\/\/festival-emouvantes.fr\/index.php\/wp-json\/wp\/v2\/media?parent=16"}],"curies":[{"name":"wp","href":"https:\/\/api.w.org\/{rel}","templated":true}]}}