{"id":1973,"date":"2026-04-22T11:24:03","date_gmt":"2026-04-22T09:24:03","guid":{"rendered":"https:\/\/festival-emouvantes.fr\/?page_id=1973"},"modified":"2026-04-22T11:32:52","modified_gmt":"2026-04-22T09:32:52","slug":"ven-11","status":"publish","type":"page","link":"https:\/\/festival-emouvantes.fr\/index.php\/ven-11\/","title":{"rendered":"sam. 12"},"content":{"rendered":"\t\t<div data-elementor-type=\"wp-page\" data-elementor-id=\"1973\" class=\"elementor elementor-1973\" data-elementor-post-type=\"page\">\n\t\t\t\t\t\t<section class=\"elementor-section elementor-top-section elementor-element elementor-element-30855eb elementor-section-boxed elementor-section-height-default elementor-section-height-default wpr-particle-no wpr-jarallax-no wpr-parallax-no wpr-sticky-section-no wpr-equal-height-no\" data-id=\"30855eb\" data-element_type=\"section\" data-e-type=\"section\">\n\t\t\t\t\t\t<div class=\"elementor-container elementor-column-gap-default\">\n\t\t\t\t\t<div class=\"elementor-column elementor-col-100 elementor-top-column elementor-element elementor-element-38e71c1\" data-id=\"38e71c1\" data-element_type=\"column\" data-e-type=\"column\">\n\t\t\t<div class=\"elementor-widget-wrap elementor-element-populated\">\n\t\t\t\t\t\t<div class=\"elementor-element elementor-element-38f9589 elementor-widget elementor-widget-heading\" data-id=\"38f9589\" data-element_type=\"widget\" data-e-type=\"widget\" data-widget_type=\"heading.default\">\n\t\t\t\t<div class=\"elementor-widget-container\">\n\t\t\t\t\t<h2 class=\"elementor-heading-title elementor-size-default\">sam. 12 septembre<\/h2>\t\t\t\t<\/div>\n\t\t\t\t<\/div>\n\t\t\t\t<div class=\"elementor-element elementor-element-119b1cd elementor-widget elementor-widget-text-editor\" data-id=\"119b1cd\" data-element_type=\"widget\" data-e-type=\"widget\" data-widget_type=\"text-editor.default\">\n\t\t\t\t<div class=\"elementor-widget-container\">\n\t\t\t\t\t\t\t\t\t<p>conservatoire Pierre Barbizet<br \/>15\u20ac &gt; tarif plein<br \/>12\u20ac &gt; tarif r\u00e9duit<\/p>\t\t\t\t\t\t\t\t<\/div>\n\t\t\t\t<\/div>\n\t\t\t\t<div class=\"elementor-element elementor-element-a913d2d elementor-widget elementor-widget-button\" data-id=\"a913d2d\" data-element_type=\"widget\" data-e-type=\"widget\" data-widget_type=\"button.default\">\n\t\t\t\t<div class=\"elementor-widget-container\">\n\t\t\t\t\t\t\t\t\t<div class=\"elementor-button-wrapper\">\n\t\t\t\t\t<a class=\"elementor-button elementor-button-link elementor-size-sm\" href=\"https:\/\/www.billetweb.fr\/pro\/emouvante2025\" target=\"_blank\" rel=\"noopener\">\n\t\t\t\t\t\t<span class=\"elementor-button-content-wrapper\">\n\t\t\t\t\t\t\t\t\t<span class=\"elementor-button-text\">BILLETTERIE<\/span>\n\t\t\t\t\t<\/span>\n\t\t\t\t\t<\/a>\n\t\t\t\t<\/div>\n\t\t\t\t\t\t\t\t<\/div>\n\t\t\t\t<\/div>\n\t\t\t\t\t<\/div>\n\t\t<\/div>\n\t\t\t\t\t<\/div>\n\t\t<\/section>\n\t\t\t\t<section class=\"elementor-section elementor-top-section elementor-element elementor-element-dc7f1ee elementor-section-boxed elementor-section-height-default elementor-section-height-default wpr-particle-no wpr-jarallax-no wpr-parallax-no wpr-sticky-section-no wpr-equal-height-no\" data-id=\"dc7f1ee\" data-element_type=\"section\" data-e-type=\"section\">\n\t\t\t\t\t\t<div class=\"elementor-container elementor-column-gap-default\">\n\t\t\t\t\t<div class=\"elementor-column elementor-col-100 elementor-top-column elementor-element elementor-element-bb87178\" data-id=\"bb87178\" data-element_type=\"column\" data-e-type=\"column\">\n\t\t\t<div class=\"elementor-widget-wrap elementor-element-populated\">\n\t\t\t\t\t\t<div class=\"elementor-element elementor-element-af2df98 elementor-widget-divider--view-line elementor-widget elementor-widget-divider\" data-id=\"af2df98\" data-element_type=\"widget\" data-e-type=\"widget\" data-widget_type=\"divider.default\">\n\t\t\t\t<div class=\"elementor-widget-container\">\n\t\t\t\t\t\t\t<div class=\"elementor-divider\">\n\t\t\t<span class=\"elementor-divider-separator\">\n\t\t\t\t\t\t<\/span>\n\t\t<\/div>\n\t\t\t\t\t\t<\/div>\n\t\t\t\t<\/div>\n\t\t\t\t<div class=\"elementor-element elementor-element-087bbb7 elementor-widget elementor-widget-text-editor\" data-id=\"087bbb7\" data-element_type=\"widget\" data-e-type=\"widget\" data-widget_type=\"text-editor.default\">\n\t\t\t\t<div class=\"elementor-widget-container\">\n\t\t\t\t\t\t\t\t\t<p>19h<br \/>Journal Intime <br \/>trio<\/p>\t\t\t\t\t\t\t\t<\/div>\n\t\t\t\t<\/div>\n\t\t\t\t<section class=\"elementor-section elementor-inner-section elementor-element elementor-element-1441f2e elementor-section-boxed elementor-section-height-default elementor-section-height-default wpr-particle-no wpr-jarallax-no wpr-parallax-no wpr-sticky-section-no wpr-equal-height-no\" data-id=\"1441f2e\" data-element_type=\"section\" data-e-type=\"section\">\n\t\t\t\t\t\t<div class=\"elementor-container elementor-column-gap-default\">\n\t\t\t\t\t<div class=\"elementor-column elementor-col-50 elementor-inner-column elementor-element elementor-element-6e34bad\" data-id=\"6e34bad\" data-element_type=\"column\" data-e-type=\"column\">\n\t\t\t<div class=\"elementor-widget-wrap elementor-element-populated\">\n\t\t\t\t\t\t<div class=\"elementor-element elementor-element-a6d9568 elementor-widget elementor-widget-text-editor\" data-id=\"a6d9568\" data-element_type=\"widget\" data-e-type=\"widget\" data-widget_type=\"text-editor.default\">\n\t\t\t\t<div class=\"elementor-widget-container\">\n\t\t\t\t\t\t\t\t\t<p>N\u00e9 en 2006, Journal Intime pratique la musique d\u2019ensemble et l\u2019improvisation avec une rare complicit\u00e9, voyageant librement \u00e0 travers une musique souffl\u00e9e sans \u00e9tiquettes, entre compositions originales et arrangements aventureux. Trio de cuivres \u00e0 la palette sonore apparemment in\u00e9puisable, il explore aussi bien le groove le plus dansant que le jazz le plus minimaliste, dans un esprit de jeu, de risque et de recherche assum\u00e9.<\/p><p>Compagnons de route de Marc Ducret, Vincent Peirani, Fred Pallem, Jacques Higelin, Hubert-F\u00e9lix Thi\u00e9faine, Andr\u00e9 Minvielle, Calypso Rose (entre autres), les membres de Journal Intime revendiquent une approche ludique et exigeante, nourrie d\u2019acrobaties musicales tendres et puissantes. Ils soufflent et transpirent une musique d\u00e9licate et sauvage qui danse, chante, chuchote et crie avec une exigence jubilatoire, faisant de chaque concert une aventure partag\u00e9e, \u00e0 la fois spectaculaire, intime et profond\u00e9ment acoustique, comme une plong\u00e9e au c\u0153ur de nos fantasmes sonores.<\/p>\t\t\t\t\t\t\t\t<\/div>\n\t\t\t\t<\/div>\n\t\t\t\t\t<\/div>\n\t\t<\/div>\n\t\t\t\t<div class=\"elementor-column elementor-col-50 elementor-inner-column elementor-element elementor-element-4cef8a8\" data-id=\"4cef8a8\" data-element_type=\"column\" data-e-type=\"column\">\n\t\t\t<div class=\"elementor-widget-wrap elementor-element-populated\">\n\t\t\t\t\t\t<div class=\"elementor-element elementor-element-c1c3fa0 elementor-widget elementor-widget-text-editor\" data-id=\"c1c3fa0\" data-element_type=\"widget\" data-e-type=\"widget\" data-widget_type=\"text-editor.default\">\n\t\t\t\t<div class=\"elementor-widget-container\">\n\t\t\t\t\t\t\t\t\t<p><strong>Sylvain Bardiau<\/strong> trompette\u00a0<strong>Fr\u00e9d\u00e9ric Gastard<\/strong> saxophone basse<strong> Matthias Mahler<\/strong> trombone<\/p>\t\t\t\t\t\t\t\t<\/div>\n\t\t\t\t<\/div>\n\t\t\t\t<div class=\"elementor-element elementor-element-b38f4c7 elementor-widget elementor-widget-video\" data-id=\"b38f4c7\" data-element_type=\"widget\" data-e-type=\"widget\" data-settings=\"{&quot;youtube_url&quot;:&quot;https:\\\/\\\/youtu.be\\\/30qf4WLXqvM?si=2Q0XGwEhyNOj-Mcs&quot;,&quot;video_type&quot;:&quot;youtube&quot;,&quot;controls&quot;:&quot;yes&quot;}\" data-widget_type=\"video.default\">\n\t\t\t\t<div class=\"elementor-widget-container\">\n\t\t\t\t\t\t\t<div class=\"elementor-wrapper elementor-open-inline\">\n\t\t\t<div class=\"elementor-video\"><\/div>\t\t<\/div>\n\t\t\t\t\t\t<\/div>\n\t\t\t\t<\/div>\n\t\t\t\t\t<\/div>\n\t\t<\/div>\n\t\t\t\t\t<\/div>\n\t\t<\/section>\n\t\t\t\t\t<\/div>\n\t\t<\/div>\n\t\t\t\t\t<\/div>\n\t\t<\/section>\n\t\t\t\t<section class=\"elementor-section elementor-top-section elementor-element elementor-element-e34771e elementor-section-boxed elementor-section-height-default elementor-section-height-default wpr-particle-no wpr-jarallax-no wpr-parallax-no wpr-sticky-section-no wpr-equal-height-no\" data-id=\"e34771e\" data-element_type=\"section\" data-e-type=\"section\">\n\t\t\t\t\t\t<div class=\"elementor-container elementor-column-gap-default\">\n\t\t\t\t\t<div class=\"elementor-column elementor-col-100 elementor-top-column elementor-element elementor-element-c121b35\" data-id=\"c121b35\" data-element_type=\"column\" data-e-type=\"column\">\n\t\t\t<div class=\"elementor-widget-wrap elementor-element-populated\">\n\t\t\t\t\t\t<div class=\"elementor-element elementor-element-36f966c elementor-widget-divider--view-line elementor-widget elementor-widget-divider\" data-id=\"36f966c\" data-element_type=\"widget\" data-e-type=\"widget\" data-widget_type=\"divider.default\">\n\t\t\t\t<div class=\"elementor-widget-container\">\n\t\t\t\t\t\t\t<div class=\"elementor-divider\">\n\t\t\t<span class=\"elementor-divider-separator\">\n\t\t\t\t\t\t<\/span>\n\t\t<\/div>\n\t\t\t\t\t\t<\/div>\n\t\t\t\t<\/div>\n\t\t\t\t<div class=\"elementor-element elementor-element-e71bcd8 elementor-widget elementor-widget-text-editor\" data-id=\"e71bcd8\" data-element_type=\"widget\" data-e-type=\"widget\" data-widget_type=\"text-editor.default\">\n\t\t\t\t<div class=\"elementor-widget-container\">\n\t\t\t\t\t\t\t\t\t<p>21h<br \/>Jet Whistle <br \/>Fanny Martin 5tet<\/p>\t\t\t\t\t\t\t\t<\/div>\n\t\t\t\t<\/div>\n\t\t\t\t<section class=\"elementor-section elementor-inner-section elementor-element elementor-element-d4d4b31 elementor-section-boxed elementor-section-height-default elementor-section-height-default wpr-particle-no wpr-jarallax-no wpr-parallax-no wpr-sticky-section-no wpr-equal-height-no\" data-id=\"d4d4b31\" data-element_type=\"section\" data-e-type=\"section\">\n\t\t\t\t\t\t<div class=\"elementor-container elementor-column-gap-default\">\n\t\t\t\t\t<div class=\"elementor-column elementor-col-50 elementor-inner-column elementor-element elementor-element-afdfed6\" data-id=\"afdfed6\" data-element_type=\"column\" data-e-type=\"column\">\n\t\t\t<div class=\"elementor-widget-wrap elementor-element-populated\">\n\t\t\t\t\t\t<div class=\"elementor-element elementor-element-52a0528 elementor-widget elementor-widget-text-editor\" data-id=\"52a0528\" data-element_type=\"widget\" data-e-type=\"widget\" data-widget_type=\"text-editor.default\">\n\t\t\t\t<div class=\"elementor-widget-container\">\n\t\t\t\t\t\t\t\t\t<p>Jet Whistle fusionne avec une \u00e9nergie d\u00e9bordante jazz, \u00e9lectro, bruitisme, r\u00e9cits aquatiques et rock, autour des compositions de la fl\u00fbtiste Fanny Martin, leadeuse du groupe qui s\u2019attache \u00e0 bousculer l\u2019image de son instrument. Classiquement form\u00e9e mais r\u00e9solument tourn\u00e9e vers la cr\u00e9ation actuelle, elle met la fl\u00fbte \u00ab dans tous ses \u00e9tats \u00bb, port\u00e9e par un parcours qui l\u2019a men\u00e9e des sc\u00e8nes classiques et enregistrements discographiques aux terrains d\u2019exp\u00e9rimentation les plus libres.<\/p><p>Le quintet fonctionne comme un v\u00e9ritable laboratoire ludique, o\u00f9 l\u2019improvisation est au c\u0153ur de la r\u00e9cr\u00e9ation musicale. Explorations sonores, p\u00e9dales d\u2019effets et claviers obscurs alimentent un son tour \u00e0 tour envo\u00fbtant, amusant ou d\u00e9rangeant, salu\u00e9 sur de nombreux tremplins et festivals, de Rezzo Jazz \u00e0 Vienne \u00e0 JazzContreBand. Jet Whistle secoue, fait danser, surprend et impressionne, nous entra\u00eenant dans un d\u00e9lire collectif dont on ressort un peu sonn\u00e9, mais avec une furieuse envie d\u2019en redemander.<\/p>\t\t\t\t\t\t\t\t<\/div>\n\t\t\t\t<\/div>\n\t\t\t\t\t<\/div>\n\t\t<\/div>\n\t\t\t\t<div class=\"elementor-column elementor-col-50 elementor-inner-column elementor-element elementor-element-c81668c\" data-id=\"c81668c\" data-element_type=\"column\" data-e-type=\"column\">\n\t\t\t<div class=\"elementor-widget-wrap elementor-element-populated\">\n\t\t\t\t\t\t<div class=\"elementor-element elementor-element-4232e25 elementor-widget elementor-widget-text-editor\" data-id=\"4232e25\" data-element_type=\"widget\" data-e-type=\"widget\" data-widget_type=\"text-editor.default\">\n\t\t\t\t<div class=\"elementor-widget-container\">\n\t\t\t\t\t\t\t\t\t<p><strong>Fanny Martin<\/strong> fl\u00fbte traversi\u00e8re <strong>Jules Regard<\/strong> trombone <strong>Adlane Aliouche<\/strong> claviers <strong>Th\u00e9o Fard\u00e8le<\/strong> basse <strong>Sacha Sou\u00eatre<\/strong> batterie<\/p>\t\t\t\t\t\t\t\t<\/div>\n\t\t\t\t<\/div>\n\t\t\t\t<div class=\"elementor-element elementor-element-e3ce92a elementor-widget elementor-widget-video\" data-id=\"e3ce92a\" data-element_type=\"widget\" data-e-type=\"widget\" data-settings=\"{&quot;youtube_url&quot;:&quot;https:\\\/\\\/youtu.be\\\/8XER0MzAIXU?si=IFcWvzatuvXSRXR0&quot;,&quot;video_type&quot;:&quot;youtube&quot;,&quot;controls&quot;:&quot;yes&quot;}\" data-widget_type=\"video.default\">\n\t\t\t\t<div class=\"elementor-widget-container\">\n\t\t\t\t\t\t\t<div class=\"elementor-wrapper elementor-open-inline\">\n\t\t\t<div class=\"elementor-video\"><\/div>\t\t<\/div>\n\t\t\t\t\t\t<\/div>\n\t\t\t\t<\/div>\n\t\t\t\t\t<\/div>\n\t\t<\/div>\n\t\t\t\t\t<\/div>\n\t\t<\/section>\n\t\t\t\t\t<\/div>\n\t\t<\/div>\n\t\t\t\t\t<\/div>\n\t\t<\/section>\n\t\t\t\t<section class=\"elementor-section elementor-top-section elementor-element elementor-element-26bfe8f elementor-section-boxed elementor-section-height-default elementor-section-height-default wpr-particle-no wpr-jarallax-no wpr-parallax-no wpr-sticky-section-no wpr-equal-height-no\" data-id=\"26bfe8f\" data-element_type=\"section\" data-e-type=\"section\">\n\t\t\t\t\t\t<div class=\"elementor-container elementor-column-gap-default\">\n\t\t\t\t\t<div class=\"elementor-column elementor-col-100 elementor-top-column elementor-element elementor-element-9943d00\" data-id=\"9943d00\" data-element_type=\"column\" data-e-type=\"column\">\n\t\t\t<div class=\"elementor-widget-wrap elementor-element-populated\">\n\t\t\t\t\t\t<div class=\"elementor-element elementor-element-3aaefac elementor-widget elementor-widget-spacer\" data-id=\"3aaefac\" data-element_type=\"widget\" data-e-type=\"widget\" data-widget_type=\"spacer.default\">\n\t\t\t\t<div class=\"elementor-widget-container\">\n\t\t\t\t\t\t\t<div class=\"elementor-spacer\">\n\t\t\t<div class=\"elementor-spacer-inner\"><\/div>\n\t\t<\/div>\n\t\t\t\t\t\t<\/div>\n\t\t\t\t<\/div>\n\t\t\t\t\t<\/div>\n\t\t<\/div>\n\t\t\t\t\t<\/div>\n\t\t<\/section>\n\t\t\t\t<\/div>\n\t\t","protected":false},"excerpt":{"rendered":"<p>sam. 12 septembre conservatoire Pierre Barbizet15\u20ac &gt; tarif plein12\u20ac &gt; tarif r\u00e9duit BILLETTERIE 19hJournal Intime trio N\u00e9 en 2006, Journal Intime pratique la musique d\u2019ensemble et l\u2019improvisation avec une rare complicit\u00e9, voyageant librement \u00e0 travers une musique souffl\u00e9e sans \u00e9tiquettes, entre compositions originales et arrangements aventureux. Trio de cuivres \u00e0 la palette sonore apparemment in\u00e9puisable, il explore aussi bien le groove le plus dansant que le jazz le plus minimaliste, dans un esprit de jeu, de risque et de recherche assum\u00e9. Compagnons de route de Marc Ducret, Vincent Peirani, Fred Pallem, Jacques Higelin, Hubert-F\u00e9lix Thi\u00e9faine, Andr\u00e9 Minvielle, Calypso Rose (entre autres), les membres de Journal Intime revendiquent une approche ludique et exigeante, nourrie d\u2019acrobaties musicales tendres et puissantes. Ils soufflent et transpirent une musique d\u00e9licate et sauvage qui danse, chante, chuchote et crie avec une exigence jubilatoire, faisant de chaque concert une aventure partag\u00e9e, \u00e0 la fois spectaculaire, intime et profond\u00e9ment acoustique, comme une plong\u00e9e au c\u0153ur de nos fantasmes sonores. Sylvain Bardiau trompette\u00a0Fr\u00e9d\u00e9ric Gastard saxophone basse Matthias Mahler trombone https:\/\/youtu.be\/30qf4WLXqvM?si=2Q0XGwEhyNOj-Mcs 21hJet Whistle Fanny Martin 5tet Jet Whistle fusionne avec une \u00e9nergie d\u00e9bordante jazz, \u00e9lectro, bruitisme, r\u00e9cits aquatiques et rock, autour des compositions de la fl\u00fbtiste Fanny Martin, leadeuse du groupe qui s\u2019attache \u00e0 bousculer l\u2019image de son instrument. Classiquement form\u00e9e mais r\u00e9solument tourn\u00e9e vers la cr\u00e9ation actuelle, elle met la fl\u00fbte \u00ab dans tous ses \u00e9tats \u00bb, port\u00e9e par un parcours qui l\u2019a men\u00e9e des sc\u00e8nes classiques et enregistrements discographiques aux terrains d\u2019exp\u00e9rimentation les plus libres. Le quintet fonctionne comme un v\u00e9ritable laboratoire ludique, o\u00f9 l\u2019improvisation est au c\u0153ur de la r\u00e9cr\u00e9ation musicale. Explorations sonores, p\u00e9dales d\u2019effets et claviers obscurs alimentent un son tour \u00e0 tour envo\u00fbtant, amusant ou d\u00e9rangeant, salu\u00e9 sur de nombreux tremplins et festivals, de Rezzo Jazz \u00e0 Vienne \u00e0 JazzContreBand. Jet Whistle secoue, fait danser, surprend et impressionne, nous entra\u00eenant dans un d\u00e9lire collectif dont on ressort un peu sonn\u00e9, mais avec une furieuse envie d\u2019en redemander. Fanny Martin fl\u00fbte traversi\u00e8re Jules Regard trombone Adlane Aliouche claviers Th\u00e9o Fard\u00e8le basse Sacha Sou\u00eatre batterie https:\/\/youtu.be\/8XER0MzAIXU?si=IFcWvzatuvXSRXR0<\/p>\n","protected":false},"author":1,"featured_media":0,"parent":0,"menu_order":0,"comment_status":"closed","ping_status":"closed","template":"","meta":{"footnotes":""},"class_list":["post-1973","page","type-page","status-publish","hentry"],"_links":{"self":[{"href":"https:\/\/festival-emouvantes.fr\/index.php\/wp-json\/wp\/v2\/pages\/1973","targetHints":{"allow":["GET"]}}],"collection":[{"href":"https:\/\/festival-emouvantes.fr\/index.php\/wp-json\/wp\/v2\/pages"}],"about":[{"href":"https:\/\/festival-emouvantes.fr\/index.php\/wp-json\/wp\/v2\/types\/page"}],"author":[{"embeddable":true,"href":"https:\/\/festival-emouvantes.fr\/index.php\/wp-json\/wp\/v2\/users\/1"}],"replies":[{"embeddable":true,"href":"https:\/\/festival-emouvantes.fr\/index.php\/wp-json\/wp\/v2\/comments?post=1973"}],"version-history":[{"count":7,"href":"https:\/\/festival-emouvantes.fr\/index.php\/wp-json\/wp\/v2\/pages\/1973\/revisions"}],"predecessor-version":[{"id":1988,"href":"https:\/\/festival-emouvantes.fr\/index.php\/wp-json\/wp\/v2\/pages\/1973\/revisions\/1988"}],"wp:attachment":[{"href":"https:\/\/festival-emouvantes.fr\/index.php\/wp-json\/wp\/v2\/media?parent=1973"}],"curies":[{"name":"wp","href":"https:\/\/api.w.org\/{rel}","templated":true}]}}