{"id":1983,"date":"2026-04-22T11:35:08","date_gmt":"2026-04-22T09:35:08","guid":{"rendered":"https:\/\/festival-emouvantes.fr\/?page_id=1983"},"modified":"2026-04-22T11:35:08","modified_gmt":"2026-04-22T09:35:08","slug":"ven-11-2","status":"publish","type":"page","link":"https:\/\/festival-emouvantes.fr\/index.php\/ven-11-2\/","title":{"rendered":"ven. 11"},"content":{"rendered":"<h2>ven. 11 septembre<\/h2>\n<p>conservatoire Pierre Barbizet<br \/>15\u20ac &gt; tarif plein<br \/>12\u20ac &gt; tarif r\u00e9duit<\/p>\n<p>\t\t\t\t\t<a href=\"https:\/\/www.billetweb.fr\/pro\/emouvante2025\" target=\"_blank\" rel=\"noopener\"><br \/>\n\t\t\t\t\t\t\t\t\tBILLETTERIE<br \/>\n\t\t\t\t\t<\/a><\/p>\n<p>19h<br \/>Unfolding <br \/>Baccarini &amp; Merville 4tet<\/p>\n<p>The unfolding est une cr\u00e9ation musicale de Fran\u00e7ois Merville et Maria Laura Baccarini, compos\u00e9e \u00e0 partir d\u2019extraits de Fast-changing bodies \/ Corps \u00e0 mutation rapide de Doroth\u00e9e Zumstein. Il y est question de faits divers r\u00e9cents, de leur couverture m\u00e9diatique, et des figures f\u00e9minines qui se sont retrouv\u00e9es au centre de ces affaires, souvent r\u00e9duites au silence ou \u00e0 l\u2019image que l\u2019on fabrique d\u2019elles.<\/p>\n<p>Les po\u00e8mes font entendre la voix de ces femmes par le prisme d\u2019images \u00e9clat\u00e9es et de moments suspendus, o\u00f9 pr\u00e9sent et pass\u00e9 se t\u00e9lescopent. La musique ouvre un espace sensoriel et dramatique, fait surgir visions, sensations et r\u00e9miniscences, au plus pr\u00e8s des corps et des pens\u00e9es de ces \u00ab h\u00e9ro\u00efnes \u00bb contemporaines.<\/p>\n<p>The unfolding tisse un r\u00e9pertoire de chansons, de ritournelles parl\u00e9es ou chant\u00e9es et d\u2019improvisations, o\u00f9 la voix de Maria Laura Baccarini circule entre diction, chant et incarnation sc\u00e9nique. Port\u00e9 par l\u2019\u00e9criture et les architectures sonores de Fran\u00e7ois Merville, le quartet d\u00e9ploie une mati\u00e8re \u00e0 la fois intime et vibrante, laissant aux mots leur force \u00e9vocatrice et leur pouvoir de transformation silenci<\/p>\n<p><strong>Maria Laura Baccarini<\/strong> chant <strong>Fran\u00e7ois Merville<\/strong> batterie\u00a0 <strong>Bruno Ruder<\/strong> piano <strong>Bruno Ducret<\/strong> violoncelle<strong> Doroth\u00e9e Zumstein<\/strong> textes<\/p>\n<p>https:\/\/www.youtube.com\/watch?v=kP1sO7zBuXM&#038;pp=ygUhVW5mb2xkaW5nIEJhY2NhcmluaSBNZXJ2aWxsZSA0dGV0\t\t<\/p>\n<p>21h<br \/>Unsang Heroes <br \/>Claude Tchamitchian 5tet<\/p>\n<p>Claude Tchamitchian explore depuis les ann\u00e9es 1990 les territoires o\u00f9 se rencontrent jazz, musiques improvis\u00e9es, \u00e9criture contemporaine et h\u00e9ritages traditionnels. Figure importante de la sc\u00e8ne improvis\u00e9e, il se distingue par sa curiosit\u00e9 stylistique, son esprit de collaboration et sa capacit\u00e9 \u00e0 b\u00e2tir des ponts entre m\u00e9moire et invention.<\/p>\n<p>Avec Unsang Heroes, il signe un projet articul\u00e9 autour de cinq po\u00e8mes musicaux \u2014 Robben Island (\u00e0 Nelson Mandela), Les femmes du Kerala (\u00e0 Vandana Shiva), L\u2019oiseau calme, Bacchus et Zo\u00ef. Personnages r\u00e9els ou imaginaires, \u00e9nergie vitale et symboles po\u00e9tiques composent un Panth\u00e9on onirique, vecteur d\u2019une musique intense et profond\u00e9ment collective.<\/p>\n<p>Port\u00e9 par un quintet complice, Unsang Heroes c\u00e9l\u00e8bre la rencontre, la transmission et la puissance du r\u00e9cit partag\u00e9. Cette musique de lien et de m\u00e9moire tisse une narration jazz charnelle et libre, o\u00f9 chaque pi\u00e8ce ouvre sur un monde possible.<\/p>\n<p><strong>Sakina Abdou<\/strong> saxophones <strong>Matthias Mahler<\/strong> trombone <strong>Fabrice Martinez<\/strong> trompettes, bugle <strong>Claude Tchamitchian<\/strong> contrebasse, compositions <strong>Christophe Marguet<\/strong> batterie<\/p>\n","protected":false},"excerpt":{"rendered":"<p>ven. 11 septembre conservatoire Pierre Barbizet15\u20ac &gt; tarif plein12\u20ac &gt; tarif r\u00e9duit BILLETTERIE 19hUnfolding Baccarini &amp; Merville 4tet The unfolding est une cr\u00e9ation musicale de Fran\u00e7ois Merville et Maria Laura Baccarini, compos\u00e9e \u00e0 partir d\u2019extraits de Fast-changing bodies \/ Corps \u00e0 mutation rapide de Doroth\u00e9e Zumstein. Il y est question de faits divers r\u00e9cents, de leur couverture m\u00e9diatique, et des figures f\u00e9minines qui se sont retrouv\u00e9es au centre de ces affaires, souvent r\u00e9duites au silence ou \u00e0 l\u2019image que l\u2019on fabrique d\u2019elles. Les po\u00e8mes font entendre la voix de ces femmes par le prisme d\u2019images \u00e9clat\u00e9es et de moments suspendus, o\u00f9 pr\u00e9sent et pass\u00e9 se t\u00e9lescopent. La musique ouvre un espace sensoriel et dramatique, fait surgir visions, sensations et r\u00e9miniscences, au plus pr\u00e8s des corps et des pens\u00e9es de ces \u00ab h\u00e9ro\u00efnes \u00bb contemporaines. The unfolding tisse un r\u00e9pertoire de chansons, de ritournelles parl\u00e9es ou chant\u00e9es et d\u2019improvisations, o\u00f9 la voix de Maria Laura Baccarini circule entre diction, chant et incarnation sc\u00e9nique. Port\u00e9 par l\u2019\u00e9criture et les architectures sonores de Fran\u00e7ois Merville, le quartet d\u00e9ploie une mati\u00e8re \u00e0 la fois intime et vibrante, laissant aux mots leur force \u00e9vocatrice et leur pouvoir de transformation silenci Maria Laura Baccarini chant Fran\u00e7ois Merville batterie\u00a0 Bruno Ruder piano Bruno Ducret violoncelle Doroth\u00e9e Zumstein textes https:\/\/www.youtube.com\/watch?v=kP1sO7zBuXM&#038;pp=ygUhVW5mb2xkaW5nIEJhY2NhcmluaSBNZXJ2aWxsZSA0dGV0 21hUnsang Heroes Claude Tchamitchian 5tet Claude Tchamitchian explore depuis les ann\u00e9es 1990 les territoires o\u00f9 se rencontrent jazz, musiques improvis\u00e9es, \u00e9criture contemporaine et h\u00e9ritages traditionnels. Figure importante de la sc\u00e8ne improvis\u00e9e, il se distingue par sa curiosit\u00e9 stylistique, son esprit de collaboration et sa capacit\u00e9 \u00e0 b\u00e2tir des ponts entre m\u00e9moire et invention. Avec Unsang Heroes, il signe un projet articul\u00e9 autour de cinq po\u00e8mes musicaux \u2014 Robben Island (\u00e0 Nelson Mandela), Les femmes du Kerala (\u00e0 Vandana Shiva), L\u2019oiseau calme, Bacchus et Zo\u00ef. Personnages r\u00e9els ou imaginaires, \u00e9nergie vitale et symboles po\u00e9tiques composent un Panth\u00e9on onirique, vecteur d\u2019une musique intense et profond\u00e9ment collective. Port\u00e9 par un quintet complice, Unsang Heroes c\u00e9l\u00e8bre la rencontre, la transmission et la puissance du r\u00e9cit partag\u00e9. Cette musique de lien et de m\u00e9moire tisse une narration jazz charnelle et libre, o\u00f9 chaque pi\u00e8ce ouvre sur un monde possible. Sakina Abdou saxophones Matthias Mahler trombone Fabrice Martinez trompettes, bugle Claude Tchamitchian contrebasse, compositions Christophe Marguet batterie<\/p>\n","protected":false},"author":1,"featured_media":0,"parent":0,"menu_order":0,"comment_status":"closed","ping_status":"closed","template":"","meta":{"footnotes":""},"class_list":["post-1983","page","type-page","status-publish","hentry"],"_links":{"self":[{"href":"https:\/\/festival-emouvantes.fr\/index.php\/wp-json\/wp\/v2\/pages\/1983","targetHints":{"allow":["GET"]}}],"collection":[{"href":"https:\/\/festival-emouvantes.fr\/index.php\/wp-json\/wp\/v2\/pages"}],"about":[{"href":"https:\/\/festival-emouvantes.fr\/index.php\/wp-json\/wp\/v2\/types\/page"}],"author":[{"embeddable":true,"href":"https:\/\/festival-emouvantes.fr\/index.php\/wp-json\/wp\/v2\/users\/1"}],"replies":[{"embeddable":true,"href":"https:\/\/festival-emouvantes.fr\/index.php\/wp-json\/wp\/v2\/comments?post=1983"}],"version-history":[{"count":1,"href":"https:\/\/festival-emouvantes.fr\/index.php\/wp-json\/wp\/v2\/pages\/1983\/revisions"}],"predecessor-version":[{"id":1992,"href":"https:\/\/festival-emouvantes.fr\/index.php\/wp-json\/wp\/v2\/pages\/1983\/revisions\/1992"}],"wp:attachment":[{"href":"https:\/\/festival-emouvantes.fr\/index.php\/wp-json\/wp\/v2\/media?parent=1983"}],"curies":[{"name":"wp","href":"https:\/\/api.w.org\/{rel}","templated":true}]}}