{"id":20,"date":"2021-05-07T16:08:02","date_gmt":"2021-05-07T14:08:02","guid":{"rendered":"http:\/\/festival-emouvantes.fr\/?page_id=20"},"modified":"2026-04-22T11:46:49","modified_gmt":"2026-04-22T09:46:49","slug":"infos-pratiques1","status":"publish","type":"page","link":"https:\/\/festival-emouvantes.fr\/index.php\/infos-pratiques1\/","title":{"rendered":"pratique"},"content":{"rendered":"\t\t<div data-elementor-type=\"wp-page\" data-elementor-id=\"20\" class=\"elementor elementor-20\" data-elementor-post-type=\"page\">\n\t\t\t\t\t\t<section class=\"elementor-section elementor-top-section elementor-element elementor-element-ee635f1 elementor-section-boxed elementor-section-height-default elementor-section-height-default wpr-particle-no wpr-jarallax-no wpr-parallax-no wpr-sticky-section-no wpr-equal-height-no\" data-id=\"ee635f1\" data-element_type=\"section\" data-e-type=\"section\">\n\t\t\t\t\t\t<div class=\"elementor-container elementor-column-gap-default\">\n\t\t\t\t\t<div class=\"elementor-column elementor-col-100 elementor-top-column elementor-element elementor-element-1437749\" data-id=\"1437749\" data-element_type=\"column\" data-e-type=\"column\">\n\t\t\t<div class=\"elementor-widget-wrap elementor-element-populated\">\n\t\t\t\t\t\t<div class=\"elementor-element elementor-element-a6a031a elementor-widget elementor-widget-spacer\" data-id=\"a6a031a\" data-element_type=\"widget\" data-e-type=\"widget\" data-widget_type=\"spacer.default\">\n\t\t\t\t<div class=\"elementor-widget-container\">\n\t\t\t\t\t\t\t<div class=\"elementor-spacer\">\n\t\t\t<div class=\"elementor-spacer-inner\"><\/div>\n\t\t<\/div>\n\t\t\t\t\t\t<\/div>\n\t\t\t\t<\/div>\n\t\t\t\t\t<\/div>\n\t\t<\/div>\n\t\t\t\t\t<\/div>\n\t\t<\/section>\n\t\t\t\t<section class=\"elementor-section elementor-top-section elementor-element elementor-element-2c5c2ea elementor-section-boxed elementor-section-height-default elementor-section-height-default wpr-particle-no wpr-jarallax-no wpr-parallax-no wpr-sticky-section-no wpr-equal-height-no\" data-id=\"2c5c2ea\" data-element_type=\"section\" data-e-type=\"section\">\n\t\t\t\t\t\t<div class=\"elementor-container elementor-column-gap-default\">\n\t\t\t\t\t<div class=\"elementor-column elementor-col-100 elementor-top-column elementor-element elementor-element-9bac909\" data-id=\"9bac909\" data-element_type=\"column\" data-e-type=\"column\">\n\t\t\t<div class=\"elementor-widget-wrap elementor-element-populated\">\n\t\t\t\t\t\t<div class=\"elementor-element elementor-element-d43df40 elementor-widget elementor-widget-heading\" data-id=\"d43df40\" data-element_type=\"widget\" data-e-type=\"widget\" data-widget_type=\"heading.default\">\n\t\t\t\t<div class=\"elementor-widget-container\">\n\t\t\t\t\t<h2 class=\"elementor-heading-title elementor-size-default\">infos pratiques<\/h2>\t\t\t\t<\/div>\n\t\t\t\t<\/div>\n\t\t\t\t\t<\/div>\n\t\t<\/div>\n\t\t\t\t\t<\/div>\n\t\t<\/section>\n\t\t\t\t<section class=\"elementor-section elementor-top-section elementor-element elementor-element-dbb9bd5 elementor-section-boxed elementor-section-height-default elementor-section-height-default wpr-particle-no wpr-jarallax-no wpr-parallax-no wpr-sticky-section-no wpr-equal-height-no\" data-id=\"dbb9bd5\" data-element_type=\"section\" data-e-type=\"section\">\n\t\t\t\t\t\t<div class=\"elementor-container elementor-column-gap-default\">\n\t\t\t\t\t<div class=\"elementor-column elementor-col-100 elementor-top-column elementor-element elementor-element-05ee661\" data-id=\"05ee661\" data-element_type=\"column\" data-e-type=\"column\">\n\t\t\t<div class=\"elementor-widget-wrap elementor-element-populated\">\n\t\t\t\t\t\t<div class=\"elementor-element elementor-element-69d8c25 elementor-widget elementor-widget-text-editor\" data-id=\"69d8c25\" data-element_type=\"widget\" data-e-type=\"widget\" data-widget_type=\"text-editor.default\">\n\t\t\t\t<div class=\"elementor-widget-container\">\n\t\t\t\t\t\t\t\t\t<p><strong>contacts<\/strong> <br \/>\u00e9mouvance \u2013 Compagnie Claude Tchamitchian <br \/>274 Boulevard Chave &#8211; 13005 Marseille. <br \/>T\u00e9l\u00e9phone : 06 88 06 10 58 <br \/>festival-emouvantes@tchamitchian.fr<\/p><p><strong>lieu des concerts<\/strong> <br \/>Salle Audoli &#8211; Conservatoire Pierre Barbizet <br \/>2 Place Auguste et Fran\u00e7ois Carli, 13001 Marseille.<br \/><a href=\"https:\/\/maps.app.goo.gl\/B2FHkc5scnRfvHvR8\" target=\"_blank\" rel=\"noopener\">Visionner un plan<\/a><\/p><p><strong>tarifs<\/strong> <br \/>tarif unique pour la soir\u00e9e (deux concerts). <br \/>Tarif plein : 15 euros<br \/>Tarif r\u00e9duit : 12 euros <br \/>enfants &#8211; de 14 ans, \u00e9tudiants sur pr\u00e9sentation d\u2019un justificatif et ch\u00f4meurs <br \/>Entr\u00e9e libre pour le concert du workshop le jeudi 10 septembre \u00e0 18h15<\/p><p><strong>billetterie<\/strong> <br \/>La billetterie est ouverte sur place \u00e0 partir de 18h. <br \/>Paiement par ch\u00e8que, esp\u00e8ces et CB. <br \/>Achetez vos places sur le site du festival : festival-emouvantes.fr<\/p>\t\t\t\t\t\t\t\t<\/div>\n\t\t\t\t<\/div>\n\t\t\t\t\t<\/div>\n\t\t<\/div>\n\t\t\t\t\t<\/div>\n\t\t<\/section>\n\t\t\t\t<\/div>\n\t\t","protected":false},"excerpt":{"rendered":"<p>infos pratiques contacts \u00e9mouvance \u2013 Compagnie Claude Tchamitchian 274 Boulevard Chave &#8211; 13005 Marseille. T\u00e9l\u00e9phone : 06 88 06 10 58 festival-emouvantes@tchamitchian.fr lieu des concerts Salle Audoli &#8211; Conservatoire Pierre Barbizet 2 Place Auguste et Fran\u00e7ois Carli, 13001 Marseille.Visionner un plan tarifs tarif unique pour la soir\u00e9e (deux concerts). Tarif plein : 15 eurosTarif r\u00e9duit : 12 euros enfants &#8211; de 14 ans, \u00e9tudiants sur pr\u00e9sentation d\u2019un justificatif et ch\u00f4meurs Entr\u00e9e libre pour le concert du workshop le jeudi 10 septembre \u00e0 18h15 billetterie La billetterie est ouverte sur place \u00e0 partir de 18h. Paiement par ch\u00e8que, esp\u00e8ces et CB. Achetez vos places sur le site du festival : festival-emouvantes.fr<\/p>\n","protected":false},"author":1,"featured_media":0,"parent":0,"menu_order":0,"comment_status":"closed","ping_status":"closed","template":"","meta":{"footnotes":""},"class_list":["post-20","page","type-page","status-publish","hentry"],"_links":{"self":[{"href":"https:\/\/festival-emouvantes.fr\/index.php\/wp-json\/wp\/v2\/pages\/20","targetHints":{"allow":["GET"]}}],"collection":[{"href":"https:\/\/festival-emouvantes.fr\/index.php\/wp-json\/wp\/v2\/pages"}],"about":[{"href":"https:\/\/festival-emouvantes.fr\/index.php\/wp-json\/wp\/v2\/types\/page"}],"author":[{"embeddable":true,"href":"https:\/\/festival-emouvantes.fr\/index.php\/wp-json\/wp\/v2\/users\/1"}],"replies":[{"embeddable":true,"href":"https:\/\/festival-emouvantes.fr\/index.php\/wp-json\/wp\/v2\/comments?post=20"}],"version-history":[{"count":137,"href":"https:\/\/festival-emouvantes.fr\/index.php\/wp-json\/wp\/v2\/pages\/20\/revisions"}],"predecessor-version":[{"id":2001,"href":"https:\/\/festival-emouvantes.fr\/index.php\/wp-json\/wp\/v2\/pages\/20\/revisions\/2001"}],"wp:attachment":[{"href":"https:\/\/festival-emouvantes.fr\/index.php\/wp-json\/wp\/v2\/media?parent=20"}],"curies":[{"name":"wp","href":"https:\/\/api.w.org\/{rel}","templated":true}]}}