{"id":22,"date":"2021-05-07T16:08:35","date_gmt":"2021-05-07T14:08:35","guid":{"rendered":"http:\/\/festival-emouvantes.fr\/?page_id=22"},"modified":"2025-12-11T15:27:50","modified_gmt":"2025-12-11T14:27:50","slug":"festival-les-emouvantes1","status":"publish","type":"page","link":"https:\/\/festival-emouvantes.fr\/index.php\/festival-les-emouvantes1\/","title":{"rendered":"festival"},"content":{"rendered":"\t\t<div data-elementor-type=\"wp-page\" data-elementor-id=\"22\" class=\"elementor elementor-22\" data-elementor-post-type=\"page\">\n\t\t\t\t\t\t<section class=\"elementor-section elementor-top-section elementor-element elementor-element-1aa0b3f elementor-section-height-full elementor-section-boxed elementor-section-height-default elementor-section-items-middle wpr-particle-no wpr-jarallax-no wpr-parallax-no wpr-sticky-section-no\" data-id=\"1aa0b3f\" data-element_type=\"section\" data-settings=\"{&quot;background_background&quot;:&quot;classic&quot;}\">\n\t\t\t\t\t\t<div class=\"elementor-container elementor-column-gap-default\">\n\t\t\t\t\t<div class=\"elementor-column elementor-col-100 elementor-top-column elementor-element elementor-element-ff95176\" data-id=\"ff95176\" data-element_type=\"column\">\n\t\t\t<div class=\"elementor-widget-wrap elementor-element-populated\">\n\t\t\t\t\t\t<div class=\"elementor-element elementor-element-2978553 elementor-widget elementor-widget-spacer\" data-id=\"2978553\" data-element_type=\"widget\" data-widget_type=\"spacer.default\">\n\t\t\t\t<div class=\"elementor-widget-container\">\n\t\t\t\t\t\t\t<div class=\"elementor-spacer\">\n\t\t\t<div class=\"elementor-spacer-inner\"><\/div>\n\t\t<\/div>\n\t\t\t\t\t\t<\/div>\n\t\t\t\t<\/div>\n\t\t\t\t<div class=\"elementor-element elementor-element-1b7431b elementor-widget elementor-widget-heading\" data-id=\"1b7431b\" data-element_type=\"widget\" data-widget_type=\"heading.default\">\n\t\t\t\t<div class=\"elementor-widget-container\">\n\t\t\t\t\t<h2 class=\"elementor-heading-title elementor-size-default\">Le festival les \u00e9mouvantes<\/h2>\t\t\t\t<\/div>\n\t\t\t\t<\/div>\n\t\t\t\t<div class=\"elementor-element elementor-element-c38dd6e elementor-widget elementor-widget-heading\" data-id=\"c38dd6e\" data-element_type=\"widget\" data-widget_type=\"heading.default\">\n\t\t\t\t<div class=\"elementor-widget-container\">\n\t\t\t\t\t<h2 class=\"elementor-heading-title elementor-size-default\">Un festival organis\u00e9 par \u00c9mouvance<\/h2>\t\t\t\t<\/div>\n\t\t\t\t<\/div>\n\t\t\t\t<section class=\"elementor-section elementor-inner-section elementor-element elementor-element-254506d elementor-section-boxed elementor-section-height-default elementor-section-height-default wpr-particle-no wpr-jarallax-no wpr-parallax-no wpr-sticky-section-no\" data-id=\"254506d\" data-element_type=\"section\">\n\t\t\t\t\t\t<div class=\"elementor-container elementor-column-gap-default\">\n\t\t\t\t\t<div class=\"elementor-column elementor-col-50 elementor-inner-column elementor-element elementor-element-abe5816\" data-id=\"abe5816\" data-element_type=\"column\">\n\t\t\t<div class=\"elementor-widget-wrap elementor-element-populated\">\n\t\t\t\t\t\t<div class=\"elementor-element elementor-element-8c594a5 elementor-widget elementor-widget-image\" data-id=\"8c594a5\" data-element_type=\"widget\" data-widget_type=\"image.default\">\n\t\t\t\t<div class=\"elementor-widget-container\">\n\t\t\t\t\t\t\t\t\t\t\t\t\t\t\t<img fetchpriority=\"high\" decoding=\"async\" width=\"800\" height=\"534\" src=\"https:\/\/festival-emouvantes.fr\/wp-content\/uploads\/2022\/06\/Francois-Guery_3416-1024x683.jpg\" class=\"attachment-large size-large wp-image-279\" alt=\"\" srcset=\"https:\/\/festival-emouvantes.fr\/wp-content\/uploads\/2022\/06\/Francois-Guery_3416-1024x683.jpg 1024w, https:\/\/festival-emouvantes.fr\/wp-content\/uploads\/2022\/06\/Francois-Guery_3416-300x200.jpg 300w, https:\/\/festival-emouvantes.fr\/wp-content\/uploads\/2022\/06\/Francois-Guery_3416-768x512.jpg 768w, https:\/\/festival-emouvantes.fr\/wp-content\/uploads\/2022\/06\/Francois-Guery_3416-1536x1024.jpg 1536w, https:\/\/festival-emouvantes.fr\/wp-content\/uploads\/2022\/06\/Francois-Guery_3416-2048x1366.jpg 2048w\" sizes=\"(max-width: 800px) 100vw, 800px\" \/>\t\t\t\t\t\t\t\t\t\t\t\t\t\t\t<\/div>\n\t\t\t\t<\/div>\n\t\t\t\t\t<\/div>\n\t\t<\/div>\n\t\t\t\t<div class=\"elementor-column elementor-col-50 elementor-inner-column elementor-element elementor-element-47e4ac3\" data-id=\"47e4ac3\" data-element_type=\"column\">\n\t\t\t<div class=\"elementor-widget-wrap elementor-element-populated\">\n\t\t\t\t\t\t<div class=\"elementor-element elementor-element-2430b92 elementor-widget elementor-widget-text-editor\" data-id=\"2430b92\" data-element_type=\"widget\" data-widget_type=\"text-editor.default\">\n\t\t\t\t<div class=\"elementor-widget-container\">\n\t\t\t\t\t\t\t\t\t<p>Le Festival Les \u00c9mouvantes est organis\u00e9 par \u00c9mouvance. \u00c9mouvance est la compagnie fond\u00e9e en 1994 par le contrebassiste fran\u00e7ais Claude Tchamitchian. Cette structure s\u2019attache \u00e0 d\u00e9fendre, soutenir et promouvoir le travail de musiciens issus du monde des musiques afro-am\u00e9ricaines et du croisement de celles-ci avec les musiques vivantes \u00e9crites et improvis\u00e9es principalement europ\u00e9ennes.<\/p>\n<p>Soucieux de la probl\u00e9matique du rapport au public et d\u00e9sireux de s\u2019ancrer davantage en R\u00e9gion Provence-Alpes-C\u00f4te d\u2019Azur, Claude Tchamitchian cr\u00e9e en 2012, un festival de musique port\u00e9 par \u00c9mouvance. Les \u00c9mouvantes correspondent au d\u00e9sir de diffuser en direction d\u2019un public le plus large possible des musiques peu repr\u00e9sent\u00e9es en Paca. L\u2019ann\u00e9e 2026 sera la 15e \u00e9dition du festival. Il se d\u00e9roule depuis 2021 au Conservatoire Pierre Barbizet \u00e0 Marseille.<\/p><p>La direction artistique du festival est assur\u00e9e conjointement par Claude Tchamitchian et Fabrice Martinez.<\/p>\t\t\t\t\t\t\t\t<\/div>\n\t\t\t\t<\/div>\n\t\t\t\t\t<\/div>\n\t\t<\/div>\n\t\t\t\t\t<\/div>\n\t\t<\/section>\n\t\t\t\t<div class=\"elementor-element elementor-element-2dff459 elementor-widget-divider--view-line elementor-widget elementor-widget-divider\" data-id=\"2dff459\" data-element_type=\"widget\" data-widget_type=\"divider.default\">\n\t\t\t\t<div class=\"elementor-widget-container\">\n\t\t\t\t\t\t\t<div class=\"elementor-divider\">\n\t\t\t<span class=\"elementor-divider-separator\">\n\t\t\t\t\t\t<\/span>\n\t\t<\/div>\n\t\t\t\t\t\t<\/div>\n\t\t\t\t<\/div>\n\t\t\t\t\t<\/div>\n\t\t<\/div>\n\t\t\t\t\t<\/div>\n\t\t<\/section>\n\t\t\t\t<section class=\"elementor-section elementor-top-section elementor-element elementor-element-9c1db31 elementor-section-height-full elementor-section-boxed elementor-section-height-default elementor-section-items-middle wpr-particle-no wpr-jarallax-no wpr-parallax-no wpr-sticky-section-no\" data-id=\"9c1db31\" data-element_type=\"section\" data-settings=\"{&quot;background_background&quot;:&quot;classic&quot;}\">\n\t\t\t\t\t\t<div class=\"elementor-container elementor-column-gap-default\">\n\t\t\t\t\t<div class=\"elementor-column elementor-col-100 elementor-top-column elementor-element elementor-element-031d8d7\" data-id=\"031d8d7\" data-element_type=\"column\">\n\t\t\t<div class=\"elementor-widget-wrap elementor-element-populated\">\n\t\t\t\t\t\t<div class=\"elementor-element elementor-element-67f76de elementor-widget elementor-widget-heading\" data-id=\"67f76de\" data-element_type=\"widget\" data-widget_type=\"heading.default\">\n\t\t\t\t<div class=\"elementor-widget-container\">\n\t\t\t\t\t<h2 class=\"elementor-heading-title elementor-size-default\">\u00c9mouvance, organisateur du festival<\/h2>\t\t\t\t<\/div>\n\t\t\t\t<\/div>\n\t\t\t\t<div class=\"elementor-element elementor-element-9dc4fff elementor-widget elementor-widget-video\" data-id=\"9dc4fff\" data-element_type=\"widget\" data-settings=\"{&quot;youtube_url&quot;:&quot;https:\\\/\\\/www.youtube.com\\\/watch?v=nxvattVOCOI&quot;,&quot;video_type&quot;:&quot;youtube&quot;,&quot;controls&quot;:&quot;yes&quot;}\" data-widget_type=\"video.default\">\n\t\t\t\t<div class=\"elementor-widget-container\">\n\t\t\t\t\t\t\t<div class=\"elementor-wrapper elementor-open-inline\">\n\t\t\t<div class=\"elementor-video\"><\/div>\t\t<\/div>\n\t\t\t\t\t\t<\/div>\n\t\t\t\t<\/div>\n\t\t\t\t\t<\/div>\n\t\t<\/div>\n\t\t\t\t\t<\/div>\n\t\t<\/section>\n\t\t\t\t<section class=\"elementor-section elementor-top-section elementor-element elementor-element-69061469 elementor-section-content-middle elementor-section-boxed elementor-section-height-default elementor-section-height-default wpr-particle-no wpr-jarallax-no wpr-parallax-no wpr-sticky-section-no\" data-id=\"69061469\" data-element_type=\"section\" data-settings=\"{&quot;background_background&quot;:&quot;classic&quot;}\">\n\t\t\t\t\t\t<div class=\"elementor-container elementor-column-gap-no\">\n\t\t\t\t\t<div class=\"elementor-column elementor-col-50 elementor-top-column elementor-element elementor-element-15c81c72\" data-id=\"15c81c72\" data-element_type=\"column\" data-settings=\"{&quot;background_background&quot;:&quot;classic&quot;}\">\n\t\t\t<div class=\"elementor-widget-wrap elementor-element-populated\">\n\t\t\t\t\t<div class=\"elementor-background-overlay\"><\/div>\n\t\t\t\t\t\t<div class=\"elementor-element elementor-element-1134b62c elementor-widget elementor-widget-heading\" data-id=\"1134b62c\" data-element_type=\"widget\" data-widget_type=\"heading.default\">\n\t\t\t\t<div class=\"elementor-widget-container\">\n\t\t\t\t\t<h4 class=\"elementor-heading-title elementor-size-default\">Les \u00e9ditions pr\u00e9c\u00e9dentes<\/h4>\t\t\t\t<\/div>\n\t\t\t\t<\/div>\n\t\t\t\t\t<\/div>\n\t\t<\/div>\n\t\t\t\t<div class=\"elementor-column elementor-col-50 elementor-top-column elementor-element elementor-element-7b60249b\" data-id=\"7b60249b\" data-element_type=\"column\">\n\t\t\t<div class=\"elementor-widget-wrap elementor-element-populated\">\n\t\t\t\t\t\t<div class=\"elementor-element elementor-element-f87e7bd elementor-widget elementor-widget-text-editor\" data-id=\"f87e7bd\" data-element_type=\"widget\" data-widget_type=\"text-editor.default\">\n\t\t\t\t<div class=\"elementor-widget-container\">\n\t\t\t\t\t\t\t\t\t<p><strong>Programmation de l&#8217;ann\u00e9e 2024 :<\/strong><br \/>Marc Ducret Quartet<br \/>Claude Tchamitchian solo<br \/>Juliette Meyer &#8220;Hale\u00efs&#8221;<br \/>Jean-Pierre Jullian sextet<br \/>Robinson Khoury trio<br \/>Sylvain Daniel Quartet<\/p>\t\t\t\t\t\t\t\t<\/div>\n\t\t\t\t<\/div>\n\t\t\t\t<div class=\"elementor-element elementor-element-f741319 elementor-widget elementor-widget-text-editor\" data-id=\"f741319\" data-element_type=\"widget\" data-widget_type=\"text-editor.default\">\n\t\t\t\t<div class=\"elementor-widget-container\">\n\t\t\t\t\t\t\t\t\t<p><strong>Programmation de l&#8217;ann\u00e9e 2024 :<\/strong><br \/>R\u00e9gis Huby &amp; Michele Rabbia duo<br \/>Claude Tchamitchian Quartet<br \/>Sophia Domancich &amp; Simon Goubert Duo<br \/>Riccardo del Fra Tentet<br \/>Sylvain Cathala Quintet<br \/>Fabrice Martinez Quintet<\/p>\t\t\t\t\t\t\t\t<\/div>\n\t\t\t\t<\/div>\n\t\t\t\t<div class=\"elementor-element elementor-element-79412e6 elementor-widget elementor-widget-text-editor\" data-id=\"79412e6\" data-element_type=\"widget\" data-widget_type=\"text-editor.default\">\n\t\t\t\t<div class=\"elementor-widget-container\">\n\t\t\t\t\t\t\t\t\t<p><strong>Programmation de l&#8217;ann\u00e9e 2023 :<\/strong><br \/>Suzanne<br \/>Poetic Power &#8211; Claude Tchamitchian Trio<br \/>Super Klang<br \/>Transatlantic 4<br \/>Duo Sclavis \/ Chemirani<br \/>Ensemble Nautiles &#8220;Brain Songs&#8221;<\/p>\t\t\t\t\t\t\t\t<\/div>\n\t\t\t\t<\/div>\n\t\t\t\t<div class=\"elementor-element elementor-element-2d4a9a3 elementor-widget elementor-widget-text-editor\" data-id=\"2d4a9a3\" data-element_type=\"widget\" data-widget_type=\"text-editor.default\">\n\t\t\t\t<div class=\"elementor-widget-container\">\n\t\t\t\t\t\t\t\t\t<p><strong>Programmation de l&#8217;ann\u00e9e 2022 :<\/strong><br \/>Trio Na\u00efri<br \/>&#8220;Suite lyrique \u00e9lectrique&#8221; Quatuor B\u00e9la &amp; Marc Ducret<br \/>&#8220;Transatlantic Roots&#8221; Bruno Angelini trio<br \/>&#8220;Puzzle&#8221; H\u00e9l\u00e8ne Labarri\u00e8re quintet<br \/>&#8220;Love Of Life&#8221; Vincent Courtois trio<br \/>&#8220;Baldwin en Transit&#8221; St\u00e9phane Payen septet<\/p>\t\t\t\t\t\t\t\t<\/div>\n\t\t\t\t<\/div>\n\t\t\t\t\t<\/div>\n\t\t<\/div>\n\t\t\t\t\t<\/div>\n\t\t<\/section>\n\t\t\t\t<section class=\"elementor-section elementor-top-section elementor-element elementor-element-0aa125e elementor-section-boxed elementor-section-height-default elementor-section-height-default wpr-particle-no wpr-jarallax-no wpr-parallax-no wpr-sticky-section-no\" data-id=\"0aa125e\" data-element_type=\"section\">\n\t\t\t\t\t\t<div class=\"elementor-container elementor-column-gap-default\">\n\t\t\t\t\t<div class=\"elementor-column elementor-col-100 elementor-top-column elementor-element elementor-element-79f85c0\" data-id=\"79f85c0\" data-element_type=\"column\">\n\t\t\t<div class=\"elementor-widget-wrap elementor-element-populated\">\n\t\t\t\t\t\t<div class=\"elementor-element elementor-element-5f5397b elementor-hidden-tablet elementor-hidden-mobile elementor-widget elementor-widget-spacer\" data-id=\"5f5397b\" data-element_type=\"widget\" data-widget_type=\"spacer.default\">\n\t\t\t\t<div class=\"elementor-widget-container\">\n\t\t\t\t\t\t\t<div class=\"elementor-spacer\">\n\t\t\t<div class=\"elementor-spacer-inner\"><\/div>\n\t\t<\/div>\n\t\t\t\t\t\t<\/div>\n\t\t\t\t<\/div>\n\t\t\t\t\t<\/div>\n\t\t<\/div>\n\t\t\t\t\t<\/div>\n\t\t<\/section>\n\t\t\t\t<section class=\"elementor-section elementor-top-section elementor-element elementor-element-d3953c6 elementor-section-boxed elementor-section-height-default elementor-section-height-default wpr-particle-no wpr-jarallax-no wpr-parallax-no wpr-sticky-section-no\" data-id=\"d3953c6\" data-element_type=\"section\">\n\t\t\t\t\t\t<div class=\"elementor-container elementor-column-gap-default\">\n\t\t\t\t\t<div class=\"elementor-column elementor-col-100 elementor-top-column elementor-element elementor-element-82dc472\" data-id=\"82dc472\" data-element_type=\"column\">\n\t\t\t<div class=\"elementor-widget-wrap elementor-element-populated\">\n\t\t\t\t\t\t<div class=\"elementor-element elementor-element-7a05f82 elementor-hidden-tablet elementor-hidden-mobile elementor-widget elementor-widget-spacer\" data-id=\"7a05f82\" data-element_type=\"widget\" data-widget_type=\"spacer.default\">\n\t\t\t\t<div class=\"elementor-widget-container\">\n\t\t\t\t\t\t\t<div class=\"elementor-spacer\">\n\t\t\t<div class=\"elementor-spacer-inner\"><\/div>\n\t\t<\/div>\n\t\t\t\t\t\t<\/div>\n\t\t\t\t<\/div>\n\t\t\t\t<div class=\"elementor-element elementor-element-3898394 elementor-widget elementor-widget-heading\" data-id=\"3898394\" data-element_type=\"widget\" data-widget_type=\"heading.default\">\n\t\t\t\t<div class=\"elementor-widget-container\">\n\t\t\t\t\t<h2 class=\"elementor-heading-title elementor-size-default\">Avec le soutien de nos partenaires<\/h2>\t\t\t\t<\/div>\n\t\t\t\t<\/div>\n\t\t\t\t\t<\/div>\n\t\t<\/div>\n\t\t\t\t\t<\/div>\n\t\t<\/section>\n\t\t\t\t<section class=\"elementor-section elementor-top-section elementor-element elementor-element-3e9cb82 elementor-section-boxed elementor-section-height-default elementor-section-height-default wpr-particle-no wpr-jarallax-no wpr-parallax-no wpr-sticky-section-no\" data-id=\"3e9cb82\" data-element_type=\"section\">\n\t\t\t\t\t\t<div class=\"elementor-container elementor-column-gap-default\">\n\t\t\t\t\t<div class=\"elementor-column elementor-col-100 elementor-top-column elementor-element elementor-element-db99901\" data-id=\"db99901\" data-element_type=\"column\">\n\t\t\t<div class=\"elementor-widget-wrap elementor-element-populated\">\n\t\t\t\t\t\t<div class=\"elementor-element elementor-element-354129c elementor-widget elementor-widget-image\" data-id=\"354129c\" data-element_type=\"widget\" data-widget_type=\"image.default\">\n\t\t\t\t<div class=\"elementor-widget-container\">\n\t\t\t\t\t\t\t\t\t\t\t\t\t\t\t<img decoding=\"async\" width=\"800\" height=\"166\" src=\"https:\/\/festival-emouvantes.fr\/wp-content\/uploads\/2025\/07\/LOGOS-2025-1-1024x212.jpg\" class=\"attachment-large size-large wp-image-1798\" alt=\"\" srcset=\"https:\/\/festival-emouvantes.fr\/wp-content\/uploads\/2025\/07\/LOGOS-2025-1-1024x212.jpg 1024w, https:\/\/festival-emouvantes.fr\/wp-content\/uploads\/2025\/07\/LOGOS-2025-1-300x62.jpg 300w, https:\/\/festival-emouvantes.fr\/wp-content\/uploads\/2025\/07\/LOGOS-2025-1-768x159.jpg 768w, https:\/\/festival-emouvantes.fr\/wp-content\/uploads\/2025\/07\/LOGOS-2025-1-1536x318.jpg 1536w, https:\/\/festival-emouvantes.fr\/wp-content\/uploads\/2025\/07\/LOGOS-2025-1.jpg 1835w\" sizes=\"(max-width: 800px) 100vw, 800px\" \/>\t\t\t\t\t\t\t\t\t\t\t\t\t\t\t<\/div>\n\t\t\t\t<\/div>\n\t\t\t\t\t<\/div>\n\t\t<\/div>\n\t\t\t\t\t<\/div>\n\t\t<\/section>\n\t\t\t\t<\/div>\n\t\t","protected":false},"excerpt":{"rendered":"<p>Le festival les \u00e9mouvantes Un festival organis\u00e9 par \u00c9mouvance Le Festival Les \u00c9mouvantes est organis\u00e9 par \u00c9mouvance. \u00c9mouvance est la compagnie fond\u00e9e en 1994 par le contrebassiste fran\u00e7ais Claude Tchamitchian. Cette structure s\u2019attache \u00e0 d\u00e9fendre, soutenir et promouvoir le travail de musiciens issus du monde des musiques afro-am\u00e9ricaines et du croisement de celles-ci avec les musiques vivantes \u00e9crites et improvis\u00e9es principalement europ\u00e9ennes. Soucieux de la probl\u00e9matique du rapport au public et d\u00e9sireux de s\u2019ancrer davantage en R\u00e9gion Provence-Alpes-C\u00f4te d\u2019Azur, Claude Tchamitchian cr\u00e9e en 2012, un festival de musique port\u00e9 par \u00c9mouvance. Les \u00c9mouvantes correspondent au d\u00e9sir de diffuser en direction d\u2019un public le plus large possible des musiques peu repr\u00e9sent\u00e9es en Paca. L\u2019ann\u00e9e 2026 sera la 15e \u00e9dition du festival. Il se d\u00e9roule depuis 2021 au Conservatoire Pierre Barbizet \u00e0 Marseille. La direction artistique du festival est assur\u00e9e conjointement par Claude Tchamitchian et Fabrice Martinez. \u00c9mouvance, organisateur du festival Les \u00e9ditions pr\u00e9c\u00e9dentes Programmation de l&#8217;ann\u00e9e 2024 :Marc Ducret QuartetClaude Tchamitchian soloJuliette Meyer &#8220;Hale\u00efs&#8221;Jean-Pierre Jullian sextetRobinson Khoury trioSylvain Daniel Quartet Programmation de l&#8217;ann\u00e9e 2024 :R\u00e9gis Huby &amp; Michele Rabbia duoClaude Tchamitchian QuartetSophia Domancich &amp; Simon Goubert DuoRiccardo del Fra TentetSylvain Cathala QuintetFabrice Martinez Quintet Programmation de l&#8217;ann\u00e9e 2023 :SuzannePoetic Power &#8211; Claude Tchamitchian TrioSuper KlangTransatlantic 4Duo Sclavis \/ ChemiraniEnsemble Nautiles &#8220;Brain Songs&#8221; Programmation de l&#8217;ann\u00e9e 2022 :Trio Na\u00efri&#8220;Suite lyrique \u00e9lectrique&#8221; Quatuor B\u00e9la &amp; Marc Ducret&#8220;Transatlantic Roots&#8221; Bruno Angelini trio&#8220;Puzzle&#8221; H\u00e9l\u00e8ne Labarri\u00e8re quintet&#8220;Love Of Life&#8221; Vincent Courtois trio&#8220;Baldwin en Transit&#8221; St\u00e9phane Payen septet Avec le soutien de nos partenaires<\/p>\n","protected":false},"author":1,"featured_media":0,"parent":0,"menu_order":0,"comment_status":"closed","ping_status":"closed","template":"","meta":{"footnotes":""},"class_list":["post-22","page","type-page","status-publish","hentry"],"_links":{"self":[{"href":"https:\/\/festival-emouvantes.fr\/index.php\/wp-json\/wp\/v2\/pages\/22","targetHints":{"allow":["GET"]}}],"collection":[{"href":"https:\/\/festival-emouvantes.fr\/index.php\/wp-json\/wp\/v2\/pages"}],"about":[{"href":"https:\/\/festival-emouvantes.fr\/index.php\/wp-json\/wp\/v2\/types\/page"}],"author":[{"embeddable":true,"href":"https:\/\/festival-emouvantes.fr\/index.php\/wp-json\/wp\/v2\/users\/1"}],"replies":[{"embeddable":true,"href":"https:\/\/festival-emouvantes.fr\/index.php\/wp-json\/wp\/v2\/comments?post=22"}],"version-history":[{"count":122,"href":"https:\/\/festival-emouvantes.fr\/index.php\/wp-json\/wp\/v2\/pages\/22\/revisions"}],"predecessor-version":[{"id":1874,"href":"https:\/\/festival-emouvantes.fr\/index.php\/wp-json\/wp\/v2\/pages\/22\/revisions\/1874"}],"wp:attachment":[{"href":"https:\/\/festival-emouvantes.fr\/index.php\/wp-json\/wp\/v2\/media?parent=22"}],"curies":[{"name":"wp","href":"https:\/\/api.w.org\/{rel}","templated":true}]}}